{"id":776,"date":"2024-05-22T16:05:15","date_gmt":"2024-05-22T16:05:15","guid":{"rendered":"https:\/\/bearberries.com.br\/?page_id=776"},"modified":"2024-05-30T19:26:44","modified_gmt":"2024-05-30T19:26:44","slug":"blog","status":"publish","type":"page","link":"https:\/\/bearberries.com.br\/en\/blog\/","title":{"rendered":"Blog"},"content":{"rendered":"<div data-elementor-type=\"wp-page\" data-elementor-id=\"776\" class=\"elementor elementor-776\" data-elementor-post-type=\"page\">\n\t\t\t\t\t\t<section class=\"elementor-section elementor-top-section elementor-element elementor-element-8feecfb elementor-section-height-min-height elementor-section-content-middle elementor-section-boxed elementor-section-height-default elementor-section-items-middle\" data-id=\"8feecfb\" data-element_type=\"section\" data-settings=\"{&quot;background_background&quot;:&quot;classic&quot;}\">\n\t\t\t\t\t\t<div class=\"elementor-container elementor-column-gap-default\">\n\t\t\t\t\t<div class=\"elementor-column elementor-col-100 elementor-top-column elementor-element elementor-element-8ccbfe8\" data-id=\"8ccbfe8\" data-element_type=\"column\">\n\t\t\t<div class=\"elementor-widget-wrap elementor-element-populated\">\n\t\t\t\t\t\t<div class=\"elementor-element elementor-element-3eaa527 elementor-widget elementor-widget-heading\" data-id=\"3eaa527\" data-element_type=\"widget\" data-widget_type=\"heading.default\">\n\t\t\t\t<div class=\"elementor-widget-container\">\n\t\t\t<style>\/*! elementor - v3.21.0 - 20-05-2024 *\/\n.elementor-heading-title{padding:0;margin:0;line-height:1}.elementor-widget-heading .elementor-heading-title[class*=elementor-size-]>a{color:inherit;font-size:inherit;line-height:inherit}.elementor-widget-heading .elementor-heading-title.elementor-size-small{font-size:15px}.elementor-widget-heading .elementor-heading-title.elementor-size-medium{font-size:19px}.elementor-widget-heading .elementor-heading-title.elementor-size-large{font-size:29px}.elementor-widget-heading .elementor-heading-title.elementor-size-xl{font-size:39px}.elementor-widget-heading .elementor-heading-title.elementor-size-xxl{font-size:59px}<\/style><h2 class=\"elementor-heading-title elementor-size-default\">Artigos<\/h2>\t\t<\/div>\n\t\t\t\t<\/div>\n\t\t\t\t<div class=\"elementor-element elementor-element-7f88279 elementor-widget elementor-widget-text-editor\" data-id=\"7f88279\" data-element_type=\"widget\" data-widget_type=\"text-editor.default\">\n\t\t\t\t<div class=\"elementor-widget-container\">\n\t\t\t<style>\/*! elementor - v3.21.0 - 20-05-2024 *\/\n.elementor-widget-text-editor.elementor-drop-cap-view-stacked .elementor-drop-cap{background-color:#69727d;color:#fff}.elementor-widget-text-editor.elementor-drop-cap-view-framed .elementor-drop-cap{color:#69727d;border:3px solid;background-color:transparent}.elementor-widget-text-editor:not(.elementor-drop-cap-view-default) .elementor-drop-cap{margin-top:8px}.elementor-widget-text-editor:not(.elementor-drop-cap-view-default) .elementor-drop-cap-letter{width:1em;height:1em}.elementor-widget-text-editor .elementor-drop-cap{float:left;text-align:center;line-height:1;font-size:50px}.elementor-widget-text-editor .elementor-drop-cap-letter{display:inline-block}<\/style>\t\t\t\t<p>Para voc\u00ea ficar por dentro de todos os benef\u00edcios que a fam\u00edlia Bearberries traz para sua vida.<\/p>\t\t\t\t\t\t<\/div>\n\t\t\t\t<\/div>\n\t\t\t\t\t<\/div>\n\t\t<\/div>\n\t\t\t\t\t<\/div>\n\t\t<\/section>\n\t\t\t\t<section class=\"elementor-section elementor-top-section elementor-element elementor-element-c8af89f elementor-section-boxed elementor-section-height-default elementor-section-height-default\" data-id=\"c8af89f\" data-element_type=\"section\">\n\t\t\t\t\t\t<div class=\"elementor-container elementor-column-gap-default\">\n\t\t\t\t\t<div class=\"elementor-column elementor-col-100 elementor-top-column elementor-element elementor-element-3fbeb43\" data-id=\"3fbeb43\" data-element_type=\"column\">\n\t\t\t<div class=\"elementor-widget-wrap elementor-element-populated\">\n\t\t\t\t\t\t<div class=\"elementor-element elementor-element-8cf7378 elementor-grid-3 elementor-grid-tablet-2 elementor-grid-mobile-1 elementor-posts--thumbnail-top elementor-card-shadow-yes elementor-posts__hover-gradient load-more-align-center elementor-widget elementor-widget-posts\" data-id=\"8cf7378\" data-element_type=\"widget\" data-settings=\"{&quot;pagination_type&quot;:&quot;load_more_on_click&quot;,&quot;cards_columns&quot;:&quot;3&quot;,&quot;cards_columns_tablet&quot;:&quot;2&quot;,&quot;cards_columns_mobile&quot;:&quot;1&quot;,&quot;cards_row_gap&quot;:{&quot;unit&quot;:&quot;px&quot;,&quot;size&quot;:35,&quot;sizes&quot;:[]},&quot;cards_row_gap_tablet&quot;:{&quot;unit&quot;:&quot;px&quot;,&quot;size&quot;:&quot;&quot;,&quot;sizes&quot;:[]},&quot;cards_row_gap_mobile&quot;:{&quot;unit&quot;:&quot;px&quot;,&quot;size&quot;:&quot;&quot;,&quot;sizes&quot;:[]},&quot;load_more_spinner&quot;:{&quot;value&quot;:&quot;fas fa-spinner&quot;,&quot;library&quot;:&quot;fa-solid&quot;}}\" data-widget_type=\"posts.cards\">\n\t\t\t\t<div class=\"elementor-widget-container\">\n\t\t\t<link rel=\"stylesheet\" href=\"https:\/\/bearberries.com.br\/wp-content\/plugins\/elementor-pro\/assets\/css\/widget-posts.min.css\">\t\t<div class=\"elementor-posts-container elementor-posts elementor-posts--skin-cards elementor-grid\">\n\t\t\t\t<article class=\"elementor-post elementor-grid-item post-1151 post type-post status-publish format-standard has-post-thumbnail hentry category-mirtilo\">\n\t\t\t<div class=\"elementor-post__card\">\n\t\t\t\t<a class=\"elementor-post__thumbnail__link\" href=\"https:\/\/bearberries.com.br\/en\/beneficios-dos-mirtilos-para-a-saude-do-coracao\/\" ><div class=\"elementor-post__thumbnail\"><img fetchpriority=\"high\" decoding=\"async\" width=\"1024\" height=\"858\" src=\"https:\/\/bearberries.com.br\/wp-content\/uploads\/2025\/03\/info_03-1024x858.jpg\" class=\"attachment-large size-large wp-image-1161\" alt=\"\" srcset=\"https:\/\/bearberries.com.br\/wp-content\/uploads\/2025\/03\/info_03-1024x858.jpg 1024w, https:\/\/bearberries.com.br\/wp-content\/uploads\/2025\/03\/info_03-300x251.jpg 300w, https:\/\/bearberries.com.br\/wp-content\/uploads\/2025\/03\/info_03-768x644.jpg 768w, https:\/\/bearberries.com.br\/wp-content\/uploads\/2025\/03\/info_03-14x12.jpg 14w, https:\/\/bearberries.com.br\/wp-content\/uploads\/2025\/03\/info_03-24x20.jpg 24w, https:\/\/bearberries.com.br\/wp-content\/uploads\/2025\/03\/info_03-36x30.jpg 36w, https:\/\/bearberries.com.br\/wp-content\/uploads\/2025\/03\/info_03-48x40.jpg 48w, https:\/\/bearberries.com.br\/wp-content\/uploads\/2025\/03\/info_03.jpg 1080w\" sizes=\"(max-width: 1024px) 100vw, 1024px\" \/><\/div><\/a>\n\t\t\t\t<div class=\"elementor-post__badge\">Mirtilo<\/div>\n\t\t\t\t<div class=\"elementor-post__text\">\n\t\t\t\t<h3 class=\"elementor-post__title\">\n\t\t\t<a href=\"https:\/\/bearberries.com.br\/en\/beneficios-dos-mirtilos-para-a-saude-do-coracao\/\" >\n\t\t\t\tBenef\u00edcios dos mirtilos para a sa\u00fade do cora\u00e7\u00e3o\t\t\t<\/a>\n\t\t<\/h3>\n\t\t\t\t<div class=\"elementor-post__excerpt\">\n\t\t\t<p>5 motivos que fazem seu cora\u00e7\u00e3o amar Bearberries 1. Certificado<\/p>\n\t\t<\/div>\n\t\t\t\t\t<div class=\"elementor-post__read-more-wrapper\">\n\t\t\n\t\t<a class=\"elementor-post__read-more\" href=\"https:\/\/bearberries.com.br\/en\/beneficios-dos-mirtilos-para-a-saude-do-coracao\/\" aria-label=\"Read more about Benef\u00edcios dos mirtilos para a sa\u00fade do cora\u00e7\u00e3o\" >\n\t\t\tLer o artigo completo \u279c\t\t<\/a>\n\n\t\t\t\t\t<\/div>\n\t\t\t\t<\/div>\n\t\t\t\t\t<\/div>\n\t\t<\/article>\n\t\t\t\t<article class=\"elementor-post elementor-grid-item post-1127 post type-post status-publish format-standard has-post-thumbnail hentry category-bearberries\">\n\t\t\t<div class=\"elementor-post__card\">\n\t\t\t\t<a class=\"elementor-post__thumbnail__link\" href=\"https:\/\/bearberries.com.br\/en\/a-energia-que-voce-precisa-bearberries-te-da\/\" ><div class=\"elementor-post__thumbnail\"><img decoding=\"async\" width=\"1024\" height=\"683\" src=\"https:\/\/bearberries.com.br\/wp-content\/uploads\/2024\/11\/capa_blog-1024x683.jpeg\" class=\"attachment-large size-large wp-image-1142\" alt=\"bearberries\" srcset=\"https:\/\/bearberries.com.br\/wp-content\/uploads\/2024\/11\/capa_blog-1024x683.jpeg 1024w, https:\/\/bearberries.com.br\/wp-content\/uploads\/2024\/11\/capa_blog-300x200.jpeg 300w, https:\/\/bearberries.com.br\/wp-content\/uploads\/2024\/11\/capa_blog-768x512.jpeg 768w, https:\/\/bearberries.com.br\/wp-content\/uploads\/2024\/11\/capa_blog-1536x1024.jpeg 1536w, https:\/\/bearberries.com.br\/wp-content\/uploads\/2024\/11\/capa_blog-2048x1366.jpeg 2048w, https:\/\/bearberries.com.br\/wp-content\/uploads\/2024\/11\/capa_blog-18x12.jpeg 18w, https:\/\/bearberries.com.br\/wp-content\/uploads\/2024\/11\/capa_blog-24x16.jpeg 24w, https:\/\/bearberries.com.br\/wp-content\/uploads\/2024\/11\/capa_blog-36x24.jpeg 36w, https:\/\/bearberries.com.br\/wp-content\/uploads\/2024\/11\/capa_blog-48x32.jpeg 48w\" sizes=\"(max-width: 1024px) 100vw, 1024px\" \/><\/div><\/a>\n\t\t\t\t<div class=\"elementor-post__badge\">Bearberries<\/div>\n\t\t\t\t<div class=\"elementor-post__text\">\n\t\t\t\t<h3 class=\"elementor-post__title\">\n\t\t\t<a href=\"https:\/\/bearberries.com.br\/en\/a-energia-que-voce-precisa-bearberries-te-da\/\" >\n\t\t\t\tA energia que voc\u00ea precisa, Bearberries te d\u00e1\u00a0\t\t\t<\/a>\n\t\t<\/h3>\n\t\t\t\t<div class=\"elementor-post__excerpt\">\n\t\t\t<p>Imagine come\u00e7ar seu treino com energia de sobra e terminar<\/p>\n\t\t<\/div>\n\t\t\t\t\t<div class=\"elementor-post__read-more-wrapper\">\n\t\t\n\t\t<a class=\"elementor-post__read-more\" href=\"https:\/\/bearberries.com.br\/en\/a-energia-que-voce-precisa-bearberries-te-da\/\" aria-label=\"Read more about A energia que voc\u00ea precisa, Bearberries te d\u00e1\u00a0\" >\n\t\t\tLer o artigo completo \u279c\t\t<\/a>\n\n\t\t\t\t\t<\/div>\n\t\t\t\t<\/div>\n\t\t\t\t\t<\/div>\n\t\t<\/article>\n\t\t\t\t<article class=\"elementor-post elementor-grid-item post-1101 post type-post status-publish format-standard has-post-thumbnail hentry category-bearberries\">\n\t\t\t<div class=\"elementor-post__card\">\n\t\t\t\t<a class=\"elementor-post__thumbnail__link\" href=\"https:\/\/bearberries.com.br\/en\/bearberries-o-superalimento-que-voce-precisa-conhecer\/\" ><div class=\"elementor-post__thumbnail\"><img decoding=\"async\" width=\"1024\" height=\"213\" src=\"https:\/\/bearberries.com.br\/wp-content\/uploads\/2024\/05\/bg_blog-2-1024x213.png\" class=\"attachment-large size-large wp-image-825\" alt=\"\" srcset=\"https:\/\/bearberries.com.br\/wp-content\/uploads\/2024\/05\/bg_blog-2-1024x213.png 1024w, https:\/\/bearberries.com.br\/wp-content\/uploads\/2024\/05\/bg_blog-2-300x63.png 300w, https:\/\/bearberries.com.br\/wp-content\/uploads\/2024\/05\/bg_blog-2-768x160.png 768w, https:\/\/bearberries.com.br\/wp-content\/uploads\/2024\/05\/bg_blog-2-1536x320.png 1536w, https:\/\/bearberries.com.br\/wp-content\/uploads\/2024\/05\/bg_blog-2-18x4.png 18w, https:\/\/bearberries.com.br\/wp-content\/uploads\/2024\/05\/bg_blog-2-24x5.png 24w, https:\/\/bearberries.com.br\/wp-content\/uploads\/2024\/05\/bg_blog-2-36x8.png 36w, https:\/\/bearberries.com.br\/wp-content\/uploads\/2024\/05\/bg_blog-2-48x10.png 48w, https:\/\/bearberries.com.br\/wp-content\/uploads\/2024\/05\/bg_blog-2.png 1920w\" sizes=\"(max-width: 1024px) 100vw, 1024px\" \/><\/div><\/a>\n\t\t\t\t<div class=\"elementor-post__badge\">Bearberries<\/div>\n\t\t\t\t<div class=\"elementor-post__text\">\n\t\t\t\t<h3 class=\"elementor-post__title\">\n\t\t\t<a href=\"https:\/\/bearberries.com.br\/en\/bearberries-o-superalimento-que-voce-precisa-conhecer\/\" >\n\t\t\t\tBearberries: O superalimento que voc\u00ea precisa conhecer\t\t\t<\/a>\n\t\t<\/h3>\n\t\t\t\t<div class=\"elementor-post__excerpt\">\n\t\t\t<p>Framboesas, amoras, mirtilos e physalis s\u00e3o muito mais do que<\/p>\n\t\t<\/div>\n\t\t\t\t\t<div class=\"elementor-post__read-more-wrapper\">\n\t\t\n\t\t<a class=\"elementor-post__read-more\" href=\"https:\/\/bearberries.com.br\/en\/bearberries-o-superalimento-que-voce-precisa-conhecer\/\" aria-label=\"Read more about Bearberries: O superalimento que voc\u00ea precisa conhecer\" >\n\t\t\tLer o artigo completo \u279c\t\t<\/a>\n\n\t\t\t\t\t<\/div>\n\t\t\t\t<\/div>\n\t\t\t\t\t<\/div>\n\t\t<\/article>\n\t\t\t\t<\/div>\n\t\t\t\t\t<span class=\"e-load-more-spinner\">\n\t\t\t\t<i aria-hidden=\"true\" class=\"fas fa-spinner\"><\/i>\t\t\t<\/span>\n\t\t\n\t\t\t\t<div class=\"e-load-more-anchor\" data-page=\"1\" data-max-page=\"4\" data-next-page=\"https:\/\/bearberries.com.br\/en\/wp-json\/wp\/v2\/pages\/776\/page\/2\/\"><\/div>\n\t\t\t\t<div class=\"elementor-button-wrapper\">\n\t\t\t<a href=\"#\" class=\"elementor-button-link elementor-button\" role=\"button\">\n\t\t\t\t\t\t<span class=\"elementor-button-content-wrapper\">\n\t\t\t\t\t\t<span class=\"elementor-button-text\">Ver mais artigos<\/span>\n\t\t<\/span>\n\t\t\t\t\t<\/a>\n\t\t<\/div>\n\t\t\t\t<div class=\"e-load-more-message\"><\/div>\n\t\t\t\t<\/div>\n\t\t\t\t<\/div>\n\t\t\t\t\t<\/div>\n\t\t<\/div>\n\t\t\t\t\t<\/div>\n\t\t<\/section>\n\t\t\t\t<\/div>","protected":false},"excerpt":{"rendered":"<p>Artigos Para voc\u00ea ficar por dentro de todos os benef\u00edcios que a fam\u00edlia Bearberries traz para sua vida.<\/p>","protected":false},"author":1,"featured_media":0,"parent":0,"menu_order":0,"comment_status":"closed","ping_status":"closed","template":"elementor_header_footer","meta":{"site-sidebar-layout":"no-sidebar","site-content-layout":"page-builder","ast-main-header-display":"","ast-hfb-above-header-display":"","ast-hfb-below-header-display":"","ast-hfb-mobile-header-display":"","site-post-title":"disabled","ast-breadcrumbs-content":"","ast-featured-img":"disabled","footer-sml-layout":"","theme-transparent-header-meta":"","adv-header-id-meta":"","stick-header-meta":"","header-above-stick-meta":"","header-main-stick-meta":"","header-below-stick-meta":"","footnotes":""},"class_list":["post-776","page","type-page","status-publish","hentry"],"yoast_head":"<!-- This site is optimized with the Yoast SEO plugin v27.4 - https:\/\/yoast.com\/product\/yoast-seo-wordpress\/ -->\n<title>Blog - Bearberries<\/title>\n<meta name=\"robots\" content=\"index, follow, max-snippet:-1, max-image-preview:large, max-video-preview:-1\" \/>\n<link rel=\"canonical\" href=\"https:\/\/bearberries.com.br\/en\/blog\/\" \/>\n<meta property=\"og:locale\" content=\"en_US\" \/>\n<meta property=\"og:type\" content=\"article\" \/>\n<meta property=\"og:title\" content=\"Blog - Bearberries\" \/>\n<meta property=\"og:description\" content=\"Artigos Para voc\u00ea ficar por dentro de todos os benef\u00edcios que a fam\u00edlia Bearberries traz para sua vida.\" \/>\n<meta property=\"og:url\" content=\"https:\/\/bearberries.com.br\/en\/blog\/\" \/>\n<meta property=\"og:site_name\" content=\"Bearberries\" \/>\n<meta property=\"article:modified_time\" content=\"2024-05-30T19:26:44+00:00\" \/>\n<meta name=\"twitter:card\" content=\"summary_large_image\" \/>\n<meta name=\"twitter:label1\" content=\"Est. reading time\" \/>\n\t<meta name=\"twitter:data1\" content=\"2 minutes\" \/>\n<script type=\"application\/ld+json\" class=\"yoast-schema-graph\">{\"@context\":\"https:\\\/\\\/schema.org\",\"@graph\":[{\"@type\":\"WebPage\",\"@id\":\"https:\\\/\\\/bearberries.com.br\\\/blog\\\/\",\"url\":\"https:\\\/\\\/bearberries.com.br\\\/blog\\\/\",\"name\":\"Blog - Bearberries\",\"isPartOf\":{\"@id\":\"https:\\\/\\\/bearberries.com.br\\\/#website\"},\"datePublished\":\"2024-05-22T16:05:15+00:00\",\"dateModified\":\"2024-05-30T19:26:44+00:00\",\"breadcrumb\":{\"@id\":\"https:\\\/\\\/bearberries.com.br\\\/blog\\\/#breadcrumb\"},\"inLanguage\":\"en-US\",\"potentialAction\":[{\"@type\":\"ReadAction\",\"target\":[\"https:\\\/\\\/bearberries.com.br\\\/blog\\\/\"]}]},{\"@type\":\"BreadcrumbList\",\"@id\":\"https:\\\/\\\/bearberries.com.br\\\/blog\\\/#breadcrumb\",\"itemListElement\":[{\"@type\":\"ListItem\",\"position\":1,\"name\":\"Home\",\"item\":\"https:\\\/\\\/bearberries.com.br\\\/\"},{\"@type\":\"ListItem\",\"position\":2,\"name\":\"Blog\"}]},{\"@type\":\"WebSite\",\"@id\":\"https:\\\/\\\/bearberries.com.br\\\/#website\",\"url\":\"https:\\\/\\\/bearberries.com.br\\\/\",\"name\":\"Bearberries\",\"description\":\"Premium blueberries\",\"potentialAction\":[{\"@type\":\"SearchAction\",\"target\":{\"@type\":\"EntryPoint\",\"urlTemplate\":\"https:\\\/\\\/bearberries.com.br\\\/?s={search_term_string}\"},\"query-input\":{\"@type\":\"PropertyValueSpecification\",\"valueRequired\":true,\"valueName\":\"search_term_string\"}}],\"inLanguage\":\"en-US\"}]}<\/script>\n<!-- \/ Yoast SEO plugin. -->","yoast_head_json":{"title":"Blog - Bearberries","robots":{"index":"index","follow":"follow","max-snippet":"max-snippet:-1","max-image-preview":"max-image-preview:large","max-video-preview":"max-video-preview:-1"},"canonical":"https:\/\/bearberries.com.br\/en\/blog\/","og_locale":"en_US","og_type":"article","og_title":"Blog - Bearberries","og_description":"Artigos Para voc\u00ea ficar por dentro de todos os benef\u00edcios que a fam\u00edlia Bearberries traz para sua vida.","og_url":"https:\/\/bearberries.com.br\/en\/blog\/","og_site_name":"Bearberries","article_modified_time":"2024-05-30T19:26:44+00:00","twitter_card":"summary_large_image","twitter_misc":{"Est. reading time":"2 minutes"},"schema":{"@context":"https:\/\/schema.org","@graph":[{"@type":"WebPage","@id":"https:\/\/bearberries.com.br\/blog\/","url":"https:\/\/bearberries.com.br\/blog\/","name":"Blog - Bearberries","isPartOf":{"@id":"https:\/\/bearberries.com.br\/#website"},"datePublished":"2024-05-22T16:05:15+00:00","dateModified":"2024-05-30T19:26:44+00:00","breadcrumb":{"@id":"https:\/\/bearberries.com.br\/blog\/#breadcrumb"},"inLanguage":"en-US","potentialAction":[{"@type":"ReadAction","target":["https:\/\/bearberries.com.br\/blog\/"]}]},{"@type":"BreadcrumbList","@id":"https:\/\/bearberries.com.br\/blog\/#breadcrumb","itemListElement":[{"@type":"ListItem","position":1,"name":"Home","item":"https:\/\/bearberries.com.br\/"},{"@type":"ListItem","position":2,"name":"Blog"}]},{"@type":"WebSite","@id":"https:\/\/bearberries.com.br\/#website","url":"https:\/\/bearberries.com.br\/","name":"Bearberries","description":"Premium blueberries","potentialAction":[{"@type":"SearchAction","target":{"@type":"EntryPoint","urlTemplate":"https:\/\/bearberries.com.br\/?s={search_term_string}"},"query-input":{"@type":"PropertyValueSpecification","valueRequired":true,"valueName":"search_term_string"}}],"inLanguage":"en-US"}]}},"_links":{"self":[{"href":"https:\/\/bearberries.com.br\/en\/wp-json\/wp\/v2\/pages\/776","targetHints":{"allow":["GET"]}}],"collection":[{"href":"https:\/\/bearberries.com.br\/en\/wp-json\/wp\/v2\/pages"}],"about":[{"href":"https:\/\/bearberries.com.br\/en\/wp-json\/wp\/v2\/types\/page"}],"author":[{"embeddable":true,"href":"https:\/\/bearberries.com.br\/en\/wp-json\/wp\/v2\/users\/1"}],"replies":[{"embeddable":true,"href":"https:\/\/bearberries.com.br\/en\/wp-json\/wp\/v2\/comments?post=776"}],"version-history":[{"count":29,"href":"https:\/\/bearberries.com.br\/en\/wp-json\/wp\/v2\/pages\/776\/revisions"}],"predecessor-version":[{"id":926,"href":"https:\/\/bearberries.com.br\/en\/wp-json\/wp\/v2\/pages\/776\/revisions\/926"}],"wp:attachment":[{"href":"https:\/\/bearberries.com.br\/en\/wp-json\/wp\/v2\/media?parent=776"}],"curies":[{"name":"wp","href":"https:\/\/api.w.org\/{rel}","templated":true}]}}